{"id":50,"date":"2020-01-12T16:49:43","date_gmt":"2020-01-12T16:49:43","guid":{"rendered":"https:\/\/demo.themeansar.com\/newsup\/lite\/?page_id=50"},"modified":"2025-11-10T07:25:16","modified_gmt":"2025-11-10T11:25:16","slug":"home-2","status":"publish","type":"page","link":"https:\/\/norteasur.net\/sitio\/","title":{"rendered":"Bolivia y Estados Unidos normalizar\u00e1n sus relaciones diplom\u00e1ticas tras casi dos d\u00e9cadas"},"content":{"rendered":"\n<p>Bolivia y Estados Unidos&nbsp;<strong>normalizar\u00e1n sus relaciones diplom\u00e1ticas y pronto intercambiar\u00e1n embajadores<\/strong>, anunciaron el s\u00e1bado el nuevo presidente de Bolivia, Rodrigo Paz, y el subsecretario de Estado de Estados Unidos, Cristopher Landau. El representante estadounidense en Bolivia fue expulsado en 2008 por el entonces presidente boliviano Evo Morales.<\/p>\n\n\n\n<p><strong>Paz y Landau se reunieron tras la ceremonia de asunci\u00f3n de Paz en Bolivia&nbsp;<\/strong>y anunciaron el inicio de una nueva era en las relaciones diplom\u00e1ticas entre La Paz y Washington. El presidente izquierdista Morales expuls\u00f3 el embajador de Estados Unidos por presunto espionaje interno y despu\u00e9s sac\u00f3 del pa\u00eds a la agencia antidrogas DEA y a la agencia para el desarrollo USAID.<\/p>\n\n\n\n<p><strong>\u201cVamos a restablecer relaciones a nivel de embajadores<\/strong>, es algo ins\u00f3lito que no hayamos tenido embajadores. Es un paso importante y espero que podamos anunciar embajadores muy pronto\u201d, dijo Landau, el diplom\u00e1tico estadounidense de m\u00e1s alto rango que ha viajado al pa\u00eds en los \u00faltimos a\u00f1os.<\/p>\n\n\n\n<p>Landau, quien fue embajador de su pa\u00eds en M\u00e9xico, anunci\u00f3 adem\u00e1s que<strong>\u00a0Washington est\u00e1 dispuesto a cooperar en varios campos con el nuevo gobierno boliviano<\/strong>. \u201cEl presidente Paz ha expresado su inter\u00e9s en sostener una buena relaci\u00f3n con Estados Unidos. De forma rec\u00edproca tambi\u00e9n queremos buenas relaciones y estoy seguro de que as\u00ed lo haremos\u201d, se\u00f1alo el diplom\u00e1tico.<img loading=\"lazy\" decoding=\"async\" width=\"720\" height=\"480\" src=\"https:\/\/www.clarin.com\/img\/2025\/11\/09\/tRaapkcdv_720x0__1.jpg\" alt=\"El presidente Rodrigo Paz pronuncia su discurso de investidura tras jurar el cargo en una ceremonia celebrada en La Paz, Bolivia. Foto AP\"><em>El presidente Rodrigo Paz pronuncia su discurso de investidura tras jurar el cargo en una ceremonia celebrada en La Paz, Bolivia. Foto AP<\/em><\/p>\n\n\n\n<p><strong>Por su parte, Paz abri\u00f3 la posibilidad de un posible retorno de la DEA.<\/strong>&nbsp;\u201cTodas las instituciones no s\u00f3lo de Estados Unidos sino de pa\u00edses fronterizos que quieran trabajar con Bolivia para hacer un pa\u00eds m\u00e1s seguro contra los il\u00edcitos, van a estar y nosotros estaremos vinculados a esas naciones\u201d, dijo en la rueda de prensa conjunta.<\/p>\n\n\n\n<p>La semana pasada y antes de asumir el cargo, Paz viaj\u00f3 a Estados Unidos para reunirse con organismos financieros internacionales y gestionar apoyo para sacar a su pa\u00eds de la peor crisis econ\u00f3mica en cuatro d\u00e9cadas,<\/p>\n\n\n\n<p><strong>Durante el gobierno de Morales (2006-2019) y de Luis Arce (2020-2025) Bolivia se desvincul\u00f3 de Estados Unidos<\/strong>&nbsp;para formar parte de la Alianza Bolivariana para los Pueblos de Nuestra Am\u00e9rica (ALBA) junto a Cuba, Nicaragua y Venezuela, cuyo bloque ha suspendido a este pa\u00eds andino tras los acercamientos de Paz con Washington.<\/p>\n\n\n\n<p>Bolivia es tercer pa\u00eds en la producci\u00f3n de coca y coca\u00edna despu\u00e9s de Colombia y Per\u00fa y la violencia vinculada al narcotr\u00e1fico se ha incrementado peligrosamente en el \u00faltimo tiempo, sobre todo en regiones fronterizas con Brasil, principal destino de la coca\u00edna. Informes de la polic\u00eda aseguran que en territorio boliviano operan mafias vinculadas a los carteles brasile\u00f1os PCC y el Comando Vermelho.<\/p>\n\n\n\n<p><em>Fuente: AP y EFE<\/em><\/p>\n","protected":false},"excerpt":{"rendered":"<div class='heateorSssClear'><\/div><div  class='heateor_sss_sharing_container heateor_sss_horizontal_sharing' data-heateor-sss-href='https:\/\/norteasur.net\/sitio\/'><div class='heateor_sss_sharing_title' style=\"font-weight:bold\" >COMPARTIR<\/div><div class=\"heateor_sss_sharing_ul\"><a aria-label=\"Facebook\" class=\"heateor_sss_facebook\" href=\"https:\/\/www.facebook.com\/sharer\/sharer.php?u=https%3A%2F%2Fnorteasur.net%2Fsitio%2F\" title=\"Facebook\" rel=\"nofollow noopener\" target=\"_blank\" style=\"font-size:32px!important;box-shadow:none;display:inline-block;vertical-align:middle\"><span class=\"heateor_sss_svg\" style=\"background-color:#0765FE;width:35px;height:35px;border-radius:999px;display:inline-block;opacity:1;float:left;font-size:32px;box-shadow:none;display:inline-block;font-size:16px;padding:0 4px;vertical-align:middle;background-repeat:repeat;overflow:hidden;padding:0;cursor:pointer;box-sizing:content-box\"><svg style=\"display:block;border-radius:999px;\" focusable=\"false\" aria-hidden=\"true\" xmlns=\"http:\/\/www.w3.org\/2000\/svg\" width=\"100%\" height=\"100%\" viewBox=\"0 0 32 32\"><path fill=\"#fff\" d=\"M28 16c0-6.627-5.373-12-12-12S4 9.373 4 16c0 5.628 3.875 10.35 9.101 11.647v-7.98h-2.474V16H13.1v-1.58c0-4.085 1.849-5.978 5.859-5.978.76 0 2.072.15 2.608.298v3.325c-.283-.03-.775-.045-1.386-.045-1.967 0-2.728.745-2.728 2.683V16h3.92l-.673 3.667h-3.247v8.245C23.395 27.195 28 22.135 28 16Z\"><\/path><\/svg><\/span><\/a><a aria-label=\"X\" class=\"heateor_sss_button_x\" href=\"https:\/\/twitter.com\/intent\/tweet?text=Bolivia%20y%20Estados%20Unidos%20normalizar%C3%A1n%20sus%20relaciones%20diplom%C3%A1ticas%20tras%20casi%20dos%20d%C3%A9cadas&url=https%3A%2F%2Fnorteasur.net%2Fsitio%2F\" title=\"X\" rel=\"nofollow noopener\" target=\"_blank\" style=\"font-size:32px!important;box-shadow:none;display:inline-block;vertical-align:middle\"><span class=\"heateor_sss_svg heateor_sss_s__default heateor_sss_s_x\" style=\"background-color:#2a2a2a;width:35px;height:35px;border-radius:999px;display:inline-block;opacity:1;float:left;font-size:32px;box-shadow:none;display:inline-block;font-size:16px;padding:0 4px;vertical-align:middle;background-repeat:repeat;overflow:hidden;padding:0;cursor:pointer;box-sizing:content-box\"><svg width=\"100%\" height=\"100%\" style=\"display:block;border-radius:999px;\" focusable=\"false\" aria-hidden=\"true\" xmlns=\"http:\/\/www.w3.org\/2000\/svg\" viewBox=\"0 0 32 32\"><path fill=\"#fff\" d=\"M21.751 7h3.067l-6.7 7.658L26 25.078h-6.172l-4.833-6.32-5.531 6.32h-3.07l7.167-8.19L6 7h6.328l4.37 5.777L21.75 7Zm-1.076 16.242h1.7L11.404 8.74H9.58l11.094 14.503Z\"><\/path><\/svg><\/span><\/a><a aria-label=\"Whatsapp\" class=\"heateor_sss_whatsapp\" href=\"https:\/\/api.whatsapp.com\/send?text=Bolivia%20y%20Estados%20Unidos%20normalizar%C3%A1n%20sus%20relaciones%20diplom%C3%A1ticas%20tras%20casi%20dos%20d%C3%A9cadas%20https%3A%2F%2Fnorteasur.net%2Fsitio%2F\" title=\"Whatsapp\" rel=\"nofollow noopener\" target=\"_blank\" style=\"font-size:32px!important;box-shadow:none;display:inline-block;vertical-align:middle\"><span class=\"heateor_sss_svg\" style=\"background-color:#55eb4c;width:35px;height:35px;border-radius:999px;display:inline-block;opacity:1;float:left;font-size:32px;box-shadow:none;display:inline-block;font-size:16px;padding:0 4px;vertical-align:middle;background-repeat:repeat;overflow:hidden;padding:0;cursor:pointer;box-sizing:content-box\"><svg style=\"display:block;border-radius:999px;\" focusable=\"false\" aria-hidden=\"true\" xmlns=\"http:\/\/www.w3.org\/2000\/svg\" width=\"100%\" height=\"100%\" viewBox=\"-6 -5 40 40\"><path class=\"heateor_sss_svg_stroke heateor_sss_no_fill\" stroke=\"#fff\" stroke-width=\"2\" fill=\"none\" d=\"M 11.579798566743314 24.396926207859085 A 10 10 0 1 0 6.808479557110079 20.73576436351046\"><\/path><path d=\"M 7 19 l -1 6 l 6 -1\" class=\"heateor_sss_no_fill heateor_sss_svg_stroke\" stroke=\"#fff\" stroke-width=\"2\" fill=\"none\"><\/path><path d=\"M 10 10 q -1 8 8 11 c 5 -1 0 -6 -1 -3 q -4 -3 -5 -5 c 4 -2 -1 -5 -1 -4\" fill=\"#fff\"><\/path><\/svg><\/span><\/a><a aria-label=\"Email\" class=\"heateor_sss_email\" href=\"https:\/\/norteasur.net\/sitio\/\" onclick=\"event.preventDefault();window.open('mailto:?subject=' + decodeURIComponent('Bolivia%20y%20Estados%20Unidos%20normalizar%C3%A1n%20sus%20relaciones%20diplom%C3%A1ticas%20tras%20casi%20dos%20d%C3%A9cadas').replace('&', '%26') + '&body=https%3A%2F%2Fnorteasur.net%2Fsitio%2F', '_blank')\" title=\"Email\" rel=\"noopener\" style=\"font-size:32px!important;box-shadow:none;display:inline-block;vertical-align:middle\"><span class=\"heateor_sss_svg\" style=\"background-color:#649a3f;width:35px;height:35px;border-radius:999px;display:inline-block;opacity:1;float:left;font-size:32px;box-shadow:none;display:inline-block;font-size:16px;padding:0 4px;vertical-align:middle;background-repeat:repeat;overflow:hidden;padding:0;cursor:pointer;box-sizing:content-box\"><svg style=\"display:block;border-radius:999px;\" focusable=\"false\" aria-hidden=\"true\" xmlns=\"http:\/\/www.w3.org\/2000\/svg\" width=\"100%\" height=\"100%\" viewBox=\"-.75 -.5 36 36\"><path d=\"M 5.5 11 h 23 v 1 l -11 6 l -11 -6 v -1 m 0 2 l 11 6 l 11 -6 v 11 h -22 v -11\" stroke-width=\"1\" fill=\"#fff\"><\/path><\/svg><\/span><\/a><a aria-label=\"SMS\" class=\"heateor_sss_button_sms\" href=\"sms:?&body=Bolivia%20y%20Estados%20Unidos%20normalizar%C3%A1n%20sus%20relaciones%20diplom%C3%A1ticas%20tras%20casi%20dos%20d%C3%A9cadas%20https%3A%2F%2Fnorteasur.net%2Fsitio%2F\" title=\"SMS\" rel=\"nofollow noopener\" style=\"font-size:32px!important;box-shadow:none;display:inline-block;vertical-align:middle\"><span class=\"heateor_sss_svg heateor_sss_s__default heateor_sss_s_sms\" style=\"background-color:#6ebe45;width:35px;height:35px;border-radius:999px;display:inline-block;opacity:1;float:left;font-size:32px;box-shadow:none;display:inline-block;font-size:16px;padding:0 4px;vertical-align:middle;background-repeat:repeat;overflow:hidden;padding:0;cursor:pointer;box-sizing:content-box\"><svg style=\"display:block;border-radius:999px;\" focusable=\"false\" aria-hidden=\"true\" xmlns=\"http:\/\/www.w3.org\/2000\/svg\" width=\"100%\" height=\"100%\" viewBox=\"0 0 32 32\"><path fill=\"#fff\" d=\"M16 3.543c-7.177 0-13 4.612-13 10.294 0 3.35 2.027 6.33 5.16 8.21 1.71 1.565 1.542 4.08-.827 6.41 2.874 0 7.445-1.698 8.462-4.34H16c7.176 0 13-4.605 13-10.285s-5.824-10.29-13-10.29zM9.045 17.376c-.73 0-1.45-.19-1.81-.388l.294-1.194c.384.2.98.398 1.6.398.66 0 1.01-.275 1.01-.692 0-.398-.302-.625-1.07-.9-1.06-.37-1.753-.957-1.753-1.886 0-1.09.91-1.924 2.415-1.924.72 0 1.25.152 1.63.322l-.322 1.166a3.037 3.037 0 0 0-1.336-.303c-.625 0-.93.284-.93.616 0 .41.36.59 1.186.9 1.127.42 1.658 1.01 1.658 1.91.003 1.07-.822 1.98-2.575 1.98zm9.053-.095l-.095-2.44a72.993 72.993 0 0 1-.057-2.626h-.028a35.41 35.41 0 0 1-.71 2.475l-.778 2.49h-1.128l-.682-2.473a29.602 29.602 0 0 1-.578-2.493h-.02c-.037.863-.065 1.85-.112 2.645l-.114 2.425H12.46l.407-6.386h1.924l.63 2.13c.2.74.397 1.536.54 2.285h.027a52.9 52.9 0 0 1 .607-2.293l.683-2.12h1.886l.35 6.386H18.1zm4.09.1c-.73 0-1.45-.19-1.81-.39l.293-1.194c.39.2.99.398 1.605.398.663 0 1.014-.275 1.014-.692 0-.396-.305-.623-1.07-.9-1.064-.37-1.755-.955-1.755-1.884 0-1.09.91-1.924 2.416-1.924.72 0 1.25.153 1.63.323l-.322 1.166a3.038 3.038 0 0 0-1.337-.303c-.625 0-.93.284-.93.616 0 .408.36.588 1.186.9 1.127.42 1.658 1.006 1.658 1.906.002 1.07-.823 1.98-2.576 1.98z\"><\/path><\/svg><\/span><\/a><a aria-label=\"Gmail\" class=\"heateor_sss_button_google_gmail\" href=\"https:\/\/mail.google.com\/mail\/?ui=2&view=cm&fs=1&tf=1&su=Bolivia%20y%20Estados%20Unidos%20normalizar%C3%A1n%20sus%20relaciones%20diplom%C3%A1ticas%20tras%20casi%20dos%20d%C3%A9cadas&body=Link:https%3A%2F%2Fnorteasur.net%2Fsitio%2F\" title=\"Google Gmail\" rel=\"nofollow noopener\" target=\"_blank\" style=\"font-size:32px!important;box-shadow:none;display:inline-block;vertical-align:middle\"><span class=\"heateor_sss_svg heateor_sss_s__default heateor_sss_s_Google_Gmail\" style=\"background-color:#e5e5e5;width:35px;height:35px;border-radius:999px;display:inline-block;opacity:1;float:left;font-size:32px;box-shadow:none;display:inline-block;font-size:16px;padding:0 4px;vertical-align:middle;background-repeat:repeat;overflow:hidden;padding:0;cursor:pointer;box-sizing:content-box\"><svg style=\"display:block;border-radius:999px;\" focusable=\"false\" aria-hidden=\"true\" xmlns=\"http:\/\/www.w3.org\/2000\/svg\" width=\"100%\" height=\"100%\" viewBox=\"0 0 32 32\"><path fill=\"#fff\" d=\"M2.902 6.223h26.195v19.554H2.902z\"><\/path><path fill=\"#E14C41\" class=\"heateor_sss_no_fill\" d=\"M2.902 25.777h26.195V6.223H2.902v19.554zm22.44-4.007v3.806H6.955v-3.6h.032l.093-.034 6.9-5.558 2.09 1.77 1.854-1.63 7.42 5.246zm0-.672l-7.027-4.917 7.028-6.09V21.1zm-1.17-14.67l-.947.905c-2.356 2.284-4.693 4.75-7.17 6.876l-.078.06L8.062 6.39l16.11.033zm-10.597 9.61l-6.62 5.294.016-10.914 6.607 5.62\"><\/path><\/svg><\/span><\/a><a aria-label=\"Instagram\" class=\"heateor_sss_button_instagram\" href=\"https:\/\/www.instagram.com\/\" title=\"Instagram\" rel=\"nofollow noopener\" target=\"_blank\" style=\"font-size:32px!important;box-shadow:none;display:inline-block;vertical-align:middle\"><span class=\"heateor_sss_svg\" style=\"background-color:#53beee;width:35px;height:35px;border-radius:999px;display:inline-block;opacity:1;float:left;font-size:32px;box-shadow:none;display:inline-block;font-size:16px;padding:0 4px;vertical-align:middle;background-repeat:repeat;overflow:hidden;padding:0;cursor:pointer;box-sizing:content-box\"><svg style=\"display:block;border-radius:999px;\" version=\"1.1\" viewBox=\"-10 -10 148 148\" width=\"100%\" height=\"100%\" xml:space=\"preserve\" xmlns=\"http:\/\/www.w3.org\/2000\/svg\" xmlns:xlink=\"http:\/\/www.w3.org\/1999\/xlink\"><g><g><path d=\"M86,112H42c-14.336,0-26-11.663-26-26V42c0-14.337,11.664-26,26-26h44c14.337,0,26,11.663,26,26v44 C112,100.337,100.337,112,86,112z M42,24c-9.925,0-18,8.074-18,18v44c0,9.925,8.075,18,18,18h44c9.926,0,18-8.075,18-18V42 c0-9.926-8.074-18-18-18H42z\" fill=\"#fff\"><\/path><\/g><g><path d=\"M64,88c-13.234,0-24-10.767-24-24c0-13.234,10.766-24,24-24s24,10.766,24,24C88,77.233,77.234,88,64,88z M64,48c-8.822,0-16,7.178-16,16s7.178,16,16,16c8.822,0,16-7.178,16-16S72.822,48,64,48z\" fill=\"#fff\"><\/path><\/g><g><circle cx=\"89.5\" cy=\"38.5\" fill=\"#fff\" r=\"5.5\"><\/circle><\/g><\/g><\/svg><\/span><\/a><\/div><div class=\"heateorSssClear\"><\/div><\/div><div class='heateorSssClear'><\/div><p>Bolivia y Estados Unidos&nbsp;normalizar\u00e1n sus relaciones diplom\u00e1ticas y pronto intercambiar\u00e1n embajadores, anunciaron el s\u00e1bado el nuevo presidente de Bolivia, Rodrigo Paz, y el subsecretario de Estado de Estados Unidos, Cristopher Landau. El representante estadounidense en Bolivia fue expulsado en 2008 por el entonces presidente boliviano Evo Morales. Paz y Landau se reunieron tras la ceremonia [&hellip;]<\/p>\n","protected":false},"author":1,"featured_media":27251,"parent":0,"menu_order":0,"comment_status":"closed","ping_status":"closed","template":"template-frontpage.php","meta":{"footnotes":""},"class_list":["post-50","page","type-page","status-publish","has-post-thumbnail","hentry"],"yoast_head":"<!-- This site is optimized with the Yoast SEO plugin v27.4 - https:\/\/yoast.com\/product\/yoast-seo-wordpress\/ -->\n<title>Bolivia y Estados Unidos normalizar\u00e1n sus relaciones diplom\u00e1ticas tras casi dos d\u00e9cadas - NORTE A SUR<\/title>\n<meta name=\"robots\" content=\"index, follow, max-snippet:-1, max-image-preview:large, max-video-preview:-1\" \/>\n<link rel=\"canonical\" href=\"https:\/\/norteasur.net\/sitio\/\" \/>\n<meta property=\"og:locale\" content=\"es_ES\" \/>\n<meta property=\"og:type\" content=\"article\" \/>\n<meta property=\"og:title\" content=\"Bolivia y Estados Unidos normalizar\u00e1n sus relaciones diplom\u00e1ticas tras casi dos d\u00e9cadas - NORTE A SUR\" \/>\n<meta property=\"og:description\" content=\"Bolivia y Estados Unidos&nbsp;normalizar\u00e1n sus relaciones diplom\u00e1ticas y pronto intercambiar\u00e1n embajadores, anunciaron el s\u00e1bado el nuevo presidente de Bolivia, Rodrigo Paz, y el subsecretario de Estado de Estados Unidos, Cristopher Landau. El representante estadounidense en Bolivia fue expulsado en 2008 por el entonces presidente boliviano Evo Morales. Paz y Landau se reunieron tras la ceremonia [&hellip;]\" \/>\n<meta property=\"og:url\" content=\"https:\/\/norteasur.net\/sitio\/\" \/>\n<meta property=\"og:site_name\" content=\"NORTE A SUR\" \/>\n<meta property=\"article:modified_time\" content=\"2025-11-10T11:25:16+00:00\" \/>\n<meta property=\"og:image\" content=\"https:\/\/norteasur.net\/sitio\/wp-content\/uploads\/2025\/11\/JhylyHz-j_1256x620__1-e1762773817120.jpg\" \/>\n\t<meta property=\"og:image:width\" content=\"1208\" \/>\n\t<meta property=\"og:image:height\" content=\"620\" \/>\n\t<meta property=\"og:image:type\" content=\"image\/jpeg\" \/>\n<meta name=\"twitter:card\" content=\"summary_large_image\" \/>\n<meta name=\"twitter:label1\" content=\"Tiempo de lectura\" \/>\n\t<meta name=\"twitter:data1\" content=\"3 minutos\" \/>\n<script type=\"application\/ld+json\" class=\"yoast-schema-graph\">{\"@context\":\"https:\\\/\\\/schema.org\",\"@graph\":[{\"@type\":\"WebPage\",\"@id\":\"https:\\\/\\\/norteasur.net\\\/sitio\\\/\",\"url\":\"https:\\\/\\\/norteasur.net\\\/sitio\\\/\",\"name\":\"Bolivia y Estados Unidos normalizar\u00e1n sus relaciones diplom\u00e1ticas tras casi dos d\u00e9cadas - NORTE A SUR\",\"isPartOf\":{\"@id\":\"https:\\\/\\\/norteasur.net\\\/sitio\\\/#website\"},\"primaryImageOfPage\":{\"@id\":\"https:\\\/\\\/norteasur.net\\\/sitio\\\/#primaryimage\"},\"image\":{\"@id\":\"https:\\\/\\\/norteasur.net\\\/sitio\\\/#primaryimage\"},\"thumbnailUrl\":\"https:\\\/\\\/norteasur.net\\\/sitio\\\/wp-content\\\/uploads\\\/2025\\\/11\\\/JhylyHz-j_1256x620__1-e1762773817120.jpg\",\"datePublished\":\"2020-01-12T16:49:43+00:00\",\"dateModified\":\"2025-11-10T11:25:16+00:00\",\"breadcrumb\":{\"@id\":\"https:\\\/\\\/norteasur.net\\\/sitio\\\/#breadcrumb\"},\"inLanguage\":\"es\",\"potentialAction\":[{\"@type\":\"ReadAction\",\"target\":[\"https:\\\/\\\/norteasur.net\\\/sitio\\\/\"]}]},{\"@type\":\"ImageObject\",\"inLanguage\":\"es\",\"@id\":\"https:\\\/\\\/norteasur.net\\\/sitio\\\/#primaryimage\",\"url\":\"https:\\\/\\\/norteasur.net\\\/sitio\\\/wp-content\\\/uploads\\\/2025\\\/11\\\/JhylyHz-j_1256x620__1-e1762773817120.jpg\",\"contentUrl\":\"https:\\\/\\\/norteasur.net\\\/sitio\\\/wp-content\\\/uploads\\\/2025\\\/11\\\/JhylyHz-j_1256x620__1-e1762773817120.jpg\",\"width\":1208,\"height\":620},{\"@type\":\"BreadcrumbList\",\"@id\":\"https:\\\/\\\/norteasur.net\\\/sitio\\\/#breadcrumb\",\"itemListElement\":[{\"@type\":\"ListItem\",\"position\":1,\"name\":\"Portada\",\"item\":\"https:\\\/\\\/norteasur.net\\\/sitio\\\/\"},{\"@type\":\"ListItem\",\"position\":2,\"name\":\"Bolivia y Estados Unidos normalizar\u00e1n sus relaciones diplom\u00e1ticas tras casi dos d\u00e9cadas\"}]},{\"@type\":\"WebSite\",\"@id\":\"https:\\\/\\\/norteasur.net\\\/sitio\\\/#website\",\"url\":\"https:\\\/\\\/norteasur.net\\\/sitio\\\/\",\"name\":\"NORTE A SUR\",\"description\":\"DESDE GUANARE PARA EL MUNDO\",\"publisher\":{\"@id\":\"https:\\\/\\\/norteasur.net\\\/sitio\\\/#organization\"},\"potentialAction\":[{\"@type\":\"SearchAction\",\"target\":{\"@type\":\"EntryPoint\",\"urlTemplate\":\"https:\\\/\\\/norteasur.net\\\/sitio\\\/?s={search_term_string}\"},\"query-input\":{\"@type\":\"PropertyValueSpecification\",\"valueRequired\":true,\"valueName\":\"search_term_string\"}}],\"inLanguage\":\"es\"},{\"@type\":\"Organization\",\"@id\":\"https:\\\/\\\/norteasur.net\\\/sitio\\\/#organization\",\"name\":\"NORTE A SUR\",\"url\":\"https:\\\/\\\/norteasur.net\\\/sitio\\\/\",\"logo\":{\"@type\":\"ImageObject\",\"inLanguage\":\"es\",\"@id\":\"https:\\\/\\\/norteasur.net\\\/sitio\\\/#\\\/schema\\\/logo\\\/image\\\/\",\"url\":\"https:\\\/\\\/norteasur.net\\\/sitio\\\/wp-content\\\/uploads\\\/2024\\\/11\\\/trasnparente300px.png\",\"contentUrl\":\"https:\\\/\\\/norteasur.net\\\/sitio\\\/wp-content\\\/uploads\\\/2024\\\/11\\\/trasnparente300px.png\",\"width\":300,\"height\":300,\"caption\":\"NORTE A SUR\"},\"image\":{\"@id\":\"https:\\\/\\\/norteasur.net\\\/sitio\\\/#\\\/schema\\\/logo\\\/image\\\/\"}}]}<\/script>\n<!-- \/ Yoast SEO plugin. -->","yoast_head_json":{"title":"Bolivia y Estados Unidos normalizar\u00e1n sus relaciones diplom\u00e1ticas tras casi dos d\u00e9cadas - NORTE A SUR","robots":{"index":"index","follow":"follow","max-snippet":"max-snippet:-1","max-image-preview":"max-image-preview:large","max-video-preview":"max-video-preview:-1"},"canonical":"https:\/\/norteasur.net\/sitio\/","og_locale":"es_ES","og_type":"article","og_title":"Bolivia y Estados Unidos normalizar\u00e1n sus relaciones diplom\u00e1ticas tras casi dos d\u00e9cadas - NORTE A SUR","og_description":"Bolivia y Estados Unidos&nbsp;normalizar\u00e1n sus relaciones diplom\u00e1ticas y pronto intercambiar\u00e1n embajadores, anunciaron el s\u00e1bado el nuevo presidente de Bolivia, Rodrigo Paz, y el subsecretario de Estado de Estados Unidos, Cristopher Landau. El representante estadounidense en Bolivia fue expulsado en 2008 por el entonces presidente boliviano Evo Morales. Paz y Landau se reunieron tras la ceremonia [&hellip;]","og_url":"https:\/\/norteasur.net\/sitio\/","og_site_name":"NORTE A SUR","article_modified_time":"2025-11-10T11:25:16+00:00","og_image":[{"width":1208,"height":620,"url":"https:\/\/norteasur.net\/sitio\/wp-content\/uploads\/2025\/11\/JhylyHz-j_1256x620__1-e1762773817120.jpg","type":"image\/jpeg"}],"twitter_card":"summary_large_image","twitter_misc":{"Tiempo de lectura":"3 minutos"},"schema":{"@context":"https:\/\/schema.org","@graph":[{"@type":"WebPage","@id":"https:\/\/norteasur.net\/sitio\/","url":"https:\/\/norteasur.net\/sitio\/","name":"Bolivia y Estados Unidos normalizar\u00e1n sus relaciones diplom\u00e1ticas tras casi dos d\u00e9cadas - NORTE A SUR","isPartOf":{"@id":"https:\/\/norteasur.net\/sitio\/#website"},"primaryImageOfPage":{"@id":"https:\/\/norteasur.net\/sitio\/#primaryimage"},"image":{"@id":"https:\/\/norteasur.net\/sitio\/#primaryimage"},"thumbnailUrl":"https:\/\/norteasur.net\/sitio\/wp-content\/uploads\/2025\/11\/JhylyHz-j_1256x620__1-e1762773817120.jpg","datePublished":"2020-01-12T16:49:43+00:00","dateModified":"2025-11-10T11:25:16+00:00","breadcrumb":{"@id":"https:\/\/norteasur.net\/sitio\/#breadcrumb"},"inLanguage":"es","potentialAction":[{"@type":"ReadAction","target":["https:\/\/norteasur.net\/sitio\/"]}]},{"@type":"ImageObject","inLanguage":"es","@id":"https:\/\/norteasur.net\/sitio\/#primaryimage","url":"https:\/\/norteasur.net\/sitio\/wp-content\/uploads\/2025\/11\/JhylyHz-j_1256x620__1-e1762773817120.jpg","contentUrl":"https:\/\/norteasur.net\/sitio\/wp-content\/uploads\/2025\/11\/JhylyHz-j_1256x620__1-e1762773817120.jpg","width":1208,"height":620},{"@type":"BreadcrumbList","@id":"https:\/\/norteasur.net\/sitio\/#breadcrumb","itemListElement":[{"@type":"ListItem","position":1,"name":"Portada","item":"https:\/\/norteasur.net\/sitio\/"},{"@type":"ListItem","position":2,"name":"Bolivia y Estados Unidos normalizar\u00e1n sus relaciones diplom\u00e1ticas tras casi dos d\u00e9cadas"}]},{"@type":"WebSite","@id":"https:\/\/norteasur.net\/sitio\/#website","url":"https:\/\/norteasur.net\/sitio\/","name":"NORTE A SUR","description":"DESDE GUANARE PARA EL MUNDO","publisher":{"@id":"https:\/\/norteasur.net\/sitio\/#organization"},"potentialAction":[{"@type":"SearchAction","target":{"@type":"EntryPoint","urlTemplate":"https:\/\/norteasur.net\/sitio\/?s={search_term_string}"},"query-input":{"@type":"PropertyValueSpecification","valueRequired":true,"valueName":"search_term_string"}}],"inLanguage":"es"},{"@type":"Organization","@id":"https:\/\/norteasur.net\/sitio\/#organization","name":"NORTE A SUR","url":"https:\/\/norteasur.net\/sitio\/","logo":{"@type":"ImageObject","inLanguage":"es","@id":"https:\/\/norteasur.net\/sitio\/#\/schema\/logo\/image\/","url":"https:\/\/norteasur.net\/sitio\/wp-content\/uploads\/2024\/11\/trasnparente300px.png","contentUrl":"https:\/\/norteasur.net\/sitio\/wp-content\/uploads\/2024\/11\/trasnparente300px.png","width":300,"height":300,"caption":"NORTE A SUR"},"image":{"@id":"https:\/\/norteasur.net\/sitio\/#\/schema\/logo\/image\/"}}]}},"_links":{"self":[{"href":"https:\/\/norteasur.net\/sitio\/wp-json\/wp\/v2\/pages\/50","targetHints":{"allow":["GET"]}}],"collection":[{"href":"https:\/\/norteasur.net\/sitio\/wp-json\/wp\/v2\/pages"}],"about":[{"href":"https:\/\/norteasur.net\/sitio\/wp-json\/wp\/v2\/types\/page"}],"author":[{"embeddable":true,"href":"https:\/\/norteasur.net\/sitio\/wp-json\/wp\/v2\/users\/1"}],"replies":[{"embeddable":true,"href":"https:\/\/norteasur.net\/sitio\/wp-json\/wp\/v2\/comments?post=50"}],"version-history":[{"count":3,"href":"https:\/\/norteasur.net\/sitio\/wp-json\/wp\/v2\/pages\/50\/revisions"}],"predecessor-version":[{"id":27252,"href":"https:\/\/norteasur.net\/sitio\/wp-json\/wp\/v2\/pages\/50\/revisions\/27252"}],"wp:featuredmedia":[{"embeddable":true,"href":"https:\/\/norteasur.net\/sitio\/wp-json\/wp\/v2\/media\/27251"}],"wp:attachment":[{"href":"https:\/\/norteasur.net\/sitio\/wp-json\/wp\/v2\/media?parent=50"}],"curies":[{"name":"wp","href":"https:\/\/api.w.org\/{rel}","templated":true}]}}